{"id":633,"date":"2025-02-10T00:00:37","date_gmt":"2025-02-10T00:00:37","guid":{"rendered":"https:\/\/duyoshumidors.com\/?post_type=product&#038;p=633"},"modified":"2025-02-10T00:01:01","modified_gmt":"2025-02-10T00:01:01","slug":"handmade-cabinet-humidor-5000ct","status":"publish","type":"product","link":"https:\/\/duyoshumidors.com\/es\/producto\/handmade-cabinet-humidor-5000ct\/","title":{"rendered":"Humidificador de armario hecho a mano, 5000 unidades"},"content":{"rendered":"<p>Humidificador de gabinete de madera de cedro cubano con capacidad para 5000 puros. Fabricado artesanalmente en Cuba, ofrece una excelente conservaci\u00f3n gracias a su sistema de humidificaci\u00f3n de alta calidad y su elegante dise\u00f1o.<\/p>","protected":false},"excerpt":{"rendered":"<p>Humidificador de gabinete de madera de cedro cubano con capacidad para 5000 puros. Fabricado artesanalmente en Cuba, ofrece una excelente conservaci\u00f3n gracias a su sistema de humidificaci\u00f3n de alta calidad y su elegante dise\u00f1o.<\/p>","protected":false},"featured_media":632,"comment_status":"open","ping_status":"closed","template":"","meta":{"_et_pb_use_builder":"","_et_pb_old_content":"","_et_gb_content_width":""},"product_brand":[41],"product_cat":[19],"product_tag":[],"class_list":{"0":"post-633","1":"product","2":"type-product","3":"status-publish","4":"has-post-thumbnail","6":"product_brand-duyos","7":"product_cat-humidors","9":"first","10":"outofstock","11":"sale","12":"taxable","13":"shipping-taxable","14":"purchasable","15":"product-type-simple"},"yoast_head":"<!-- This site is optimized with the Yoast SEO plugin v24.7 - https:\/\/yoast.com\/wordpress\/plugins\/seo\/ -->\n<title>Handmade cabinet Humidor 5000ct - Duyos Humidors<\/title>\n<meta name=\"robots\" content=\"index, follow, max-snippet:-1, max-image-preview:large, max-video-preview:-1\" \/>\n<link rel=\"canonical\" href=\"https:\/\/duyoshumidors.com\/es\/producto\/handmade-cabinet-humidor-5000ct\/\" \/>\n<meta property=\"og:locale\" content=\"es_ES\" \/>\n<meta property=\"og:type\" content=\"article\" \/>\n<meta property=\"og:title\" content=\"Handmade cabinet Humidor 5000ct - Duyos Humidors\" \/>\n<meta property=\"og:description\" content=\"Cuban cedar wood cabinet humidor with capacity for 5000 cigars. Handcrafted in Cuba, it offers excellent conservation thanks to its high-quality humidification system and elegant design.\" \/>\n<meta property=\"og:url\" content=\"https:\/\/duyoshumidors.com\/es\/producto\/handmade-cabinet-humidor-5000ct\/\" \/>\n<meta property=\"og:site_name\" content=\"Duyos Humidors\" \/>\n<meta property=\"article:publisher\" content=\"https:\/\/www.facebook.com\/duyoshumidores\/\" \/>\n<meta property=\"article:modified_time\" content=\"2025-02-10T00:01:01+00:00\" \/>\n<meta property=\"og:image\" content=\"https:\/\/duyoshumidors.com\/wp-content\/uploads\/2024\/12\/Screenshot_20230917_095119_Instagram.jpg\" \/>\n\t<meta property=\"og:image:width\" content=\"1080\" \/>\n\t<meta property=\"og:image:height\" content=\"1350\" \/>\n\t<meta property=\"og:image:type\" content=\"image\/jpeg\" \/>\n<meta name=\"twitter:card\" content=\"summary_large_image\" \/>\n<script type=\"application\/ld+json\" class=\"yoast-schema-graph\">{\"@context\":\"https:\/\/schema.org\",\"@graph\":[{\"@type\":\"WebPage\",\"@id\":\"https:\/\/duyoshumidors.com\/product\/handmade-cabinet-humidor-5000ct\/\",\"url\":\"https:\/\/duyoshumidors.com\/product\/handmade-cabinet-humidor-5000ct\/\",\"name\":\"Handmade cabinet Humidor 5000ct - Duyos Humidors\",\"isPartOf\":{\"@id\":\"https:\/\/duyoshumidors.com\/#website\"},\"primaryImageOfPage\":{\"@id\":\"https:\/\/duyoshumidors.com\/product\/handmade-cabinet-humidor-5000ct\/#primaryimage\"},\"image\":{\"@id\":\"https:\/\/duyoshumidors.com\/product\/handmade-cabinet-humidor-5000ct\/#primaryimage\"},\"thumbnailUrl\":\"https:\/\/duyoshumidors.com\/wp-content\/uploads\/2024\/12\/Screenshot_20230917_095119_Instagram.jpg\",\"datePublished\":\"2025-02-10T00:00:37+00:00\",\"dateModified\":\"2025-02-10T00:01:01+00:00\",\"breadcrumb\":{\"@id\":\"https:\/\/duyoshumidors.com\/product\/handmade-cabinet-humidor-5000ct\/#breadcrumb\"},\"inLanguage\":\"es\",\"potentialAction\":[{\"@type\":\"ReadAction\",\"target\":[\"https:\/\/duyoshumidors.com\/product\/handmade-cabinet-humidor-5000ct\/\"]}]},{\"@type\":\"ImageObject\",\"inLanguage\":\"es\",\"@id\":\"https:\/\/duyoshumidors.com\/product\/handmade-cabinet-humidor-5000ct\/#primaryimage\",\"url\":\"https:\/\/duyoshumidors.com\/wp-content\/uploads\/2024\/12\/Screenshot_20230917_095119_Instagram.jpg\",\"contentUrl\":\"https:\/\/duyoshumidors.com\/wp-content\/uploads\/2024\/12\/Screenshot_20230917_095119_Instagram.jpg\",\"width\":1080,\"height\":1350},{\"@type\":\"BreadcrumbList\",\"@id\":\"https:\/\/duyoshumidors.com\/product\/handmade-cabinet-humidor-5000ct\/#breadcrumb\",\"itemListElement\":[{\"@type\":\"ListItem\",\"position\":1,\"name\":\"Home\",\"item\":\"https:\/\/duyoshumidors.com\/\"},{\"@type\":\"ListItem\",\"position\":2,\"name\":\"Shop\",\"item\":\"https:\/\/duyoshumidors.com\/shop\/\"},{\"@type\":\"ListItem\",\"position\":3,\"name\":\"Handmade cabinet Humidor 5000ct\"}]},{\"@type\":\"WebSite\",\"@id\":\"https:\/\/duyoshumidors.com\/#website\",\"url\":\"https:\/\/duyoshumidors.com\/\",\"name\":\"Duyos Humidors\",\"description\":\"Humidors and Accessories for True Connoisseurs\",\"publisher\":{\"@id\":\"https:\/\/duyoshumidors.com\/#organization\"},\"potentialAction\":[{\"@type\":\"SearchAction\",\"target\":{\"@type\":\"EntryPoint\",\"urlTemplate\":\"https:\/\/duyoshumidors.com\/?s={search_term_string}\"},\"query-input\":{\"@type\":\"PropertyValueSpecification\",\"valueRequired\":true,\"valueName\":\"search_term_string\"}}],\"inLanguage\":\"es\"},{\"@type\":\"Organization\",\"@id\":\"https:\/\/duyoshumidors.com\/#organization\",\"name\":\"Duyos Humidors\",\"url\":\"https:\/\/duyoshumidors.com\/\",\"logo\":{\"@type\":\"ImageObject\",\"inLanguage\":\"es\",\"@id\":\"https:\/\/duyoshumidors.com\/#\/schema\/logo\/image\/\",\"url\":\"https:\/\/duyoshumidors.com\/wp-content\/uploads\/2024\/12\/Logo_Duyos.png\",\"contentUrl\":\"https:\/\/duyoshumidors.com\/wp-content\/uploads\/2024\/12\/Logo_Duyos.png\",\"width\":4566,\"height\":1464,\"caption\":\"Duyos Humidors\"},\"image\":{\"@id\":\"https:\/\/duyoshumidors.com\/#\/schema\/logo\/image\/\"},\"sameAs\":[\"https:\/\/www.facebook.com\/duyoshumidores\/\",\"https:\/\/www.instagram.com\/duyos_humidors\/\"]}]}<\/script>\n<!-- \/ Yoast SEO plugin. -->","yoast_head_json":{"title":"Handmade cabinet Humidor 5000ct - Duyos Humidors","robots":{"index":"index","follow":"follow","max-snippet":"max-snippet:-1","max-image-preview":"max-image-preview:large","max-video-preview":"max-video-preview:-1"},"canonical":"https:\/\/duyoshumidors.com\/es\/producto\/handmade-cabinet-humidor-5000ct\/","og_locale":"es_ES","og_type":"article","og_title":"Handmade cabinet Humidor 5000ct - Duyos Humidors","og_description":"Cuban cedar wood cabinet humidor with capacity for 5000 cigars. Handcrafted in Cuba, it offers excellent conservation thanks to its high-quality humidification system and elegant design.","og_url":"https:\/\/duyoshumidors.com\/es\/producto\/handmade-cabinet-humidor-5000ct\/","og_site_name":"Duyos Humidors","article_publisher":"https:\/\/www.facebook.com\/duyoshumidores\/","article_modified_time":"2025-02-10T00:01:01+00:00","og_image":[{"width":1080,"height":1350,"url":"https:\/\/duyoshumidors.com\/wp-content\/uploads\/2024\/12\/Screenshot_20230917_095119_Instagram.jpg","type":"image\/jpeg"}],"twitter_card":"summary_large_image","schema":{"@context":"https:\/\/schema.org","@graph":[{"@type":"WebPage","@id":"https:\/\/duyoshumidors.com\/product\/handmade-cabinet-humidor-5000ct\/","url":"https:\/\/duyoshumidors.com\/product\/handmade-cabinet-humidor-5000ct\/","name":"Handmade cabinet Humidor 5000ct - Duyos Humidors","isPartOf":{"@id":"https:\/\/duyoshumidors.com\/#website"},"primaryImageOfPage":{"@id":"https:\/\/duyoshumidors.com\/product\/handmade-cabinet-humidor-5000ct\/#primaryimage"},"image":{"@id":"https:\/\/duyoshumidors.com\/product\/handmade-cabinet-humidor-5000ct\/#primaryimage"},"thumbnailUrl":"https:\/\/duyoshumidors.com\/wp-content\/uploads\/2024\/12\/Screenshot_20230917_095119_Instagram.jpg","datePublished":"2025-02-10T00:00:37+00:00","dateModified":"2025-02-10T00:01:01+00:00","breadcrumb":{"@id":"https:\/\/duyoshumidors.com\/product\/handmade-cabinet-humidor-5000ct\/#breadcrumb"},"inLanguage":"es","potentialAction":[{"@type":"ReadAction","target":["https:\/\/duyoshumidors.com\/product\/handmade-cabinet-humidor-5000ct\/"]}]},{"@type":"ImageObject","inLanguage":"es","@id":"https:\/\/duyoshumidors.com\/product\/handmade-cabinet-humidor-5000ct\/#primaryimage","url":"https:\/\/duyoshumidors.com\/wp-content\/uploads\/2024\/12\/Screenshot_20230917_095119_Instagram.jpg","contentUrl":"https:\/\/duyoshumidors.com\/wp-content\/uploads\/2024\/12\/Screenshot_20230917_095119_Instagram.jpg","width":1080,"height":1350},{"@type":"BreadcrumbList","@id":"https:\/\/duyoshumidors.com\/product\/handmade-cabinet-humidor-5000ct\/#breadcrumb","itemListElement":[{"@type":"ListItem","position":1,"name":"Home","item":"https:\/\/duyoshumidors.com\/"},{"@type":"ListItem","position":2,"name":"Shop","item":"https:\/\/duyoshumidors.com\/shop\/"},{"@type":"ListItem","position":3,"name":"Handmade cabinet Humidor 5000ct"}]},{"@type":"WebSite","@id":"https:\/\/duyoshumidors.com\/#website","url":"https:\/\/duyoshumidors.com\/","name":"Humidores Duyos","description":"Humidores y accesorios para verdaderos conocedores","publisher":{"@id":"https:\/\/duyoshumidors.com\/#organization"},"potentialAction":[{"@type":"SearchAction","target":{"@type":"EntryPoint","urlTemplate":"https:\/\/duyoshumidors.com\/?s={search_term_string}"},"query-input":{"@type":"PropertyValueSpecification","valueRequired":true,"valueName":"search_term_string"}}],"inLanguage":"es"},{"@type":"Organization","@id":"https:\/\/duyoshumidors.com\/#organization","name":"Humidores Duyos","url":"https:\/\/duyoshumidors.com\/","logo":{"@type":"ImageObject","inLanguage":"es","@id":"https:\/\/duyoshumidors.com\/#\/schema\/logo\/image\/","url":"https:\/\/duyoshumidors.com\/wp-content\/uploads\/2024\/12\/Logo_Duyos.png","contentUrl":"https:\/\/duyoshumidors.com\/wp-content\/uploads\/2024\/12\/Logo_Duyos.png","width":4566,"height":1464,"caption":"Duyos Humidors"},"image":{"@id":"https:\/\/duyoshumidors.com\/#\/schema\/logo\/image\/"},"sameAs":["https:\/\/www.facebook.com\/duyoshumidores\/","https:\/\/www.instagram.com\/duyos_humidors\/"]}]}},"_links":{"self":[{"href":"https:\/\/duyoshumidors.com\/es\/wp-json\/wp\/v2\/product\/633","targetHints":{"allow":["GET"]}}],"collection":[{"href":"https:\/\/duyoshumidors.com\/es\/wp-json\/wp\/v2\/product"}],"about":[{"href":"https:\/\/duyoshumidors.com\/es\/wp-json\/wp\/v2\/types\/product"}],"replies":[{"embeddable":true,"href":"https:\/\/duyoshumidors.com\/es\/wp-json\/wp\/v2\/comments?post=633"}],"wp:featuredmedia":[{"embeddable":true,"href":"https:\/\/duyoshumidors.com\/es\/wp-json\/wp\/v2\/media\/632"}],"wp:attachment":[{"href":"https:\/\/duyoshumidors.com\/es\/wp-json\/wp\/v2\/media?parent=633"}],"wp:term":[{"taxonomy":"product_brand","embeddable":true,"href":"https:\/\/duyoshumidors.com\/es\/wp-json\/wp\/v2\/product_brand?post=633"},{"taxonomy":"product_cat","embeddable":true,"href":"https:\/\/duyoshumidors.com\/es\/wp-json\/wp\/v2\/product_cat?post=633"},{"taxonomy":"product_tag","embeddable":true,"href":"https:\/\/duyoshumidors.com\/es\/wp-json\/wp\/v2\/product_tag?post=633"}],"curies":[{"name":"wp","href":"https:\/\/api.w.org\/{rel}","templated":true}]}}