{"id":631,"date":"2025-02-09T23:42:26","date_gmt":"2025-02-09T23:42:26","guid":{"rendered":"https:\/\/duyoshumidors.com\/?post_type=product&#038;p=631"},"modified":"2025-02-09T23:52:32","modified_gmt":"2025-02-09T23:52:32","slug":"handmade-cedar-humidor-50ct-2","status":"publish","type":"product","link":"https:\/\/duyoshumidors.com\/es\/producto\/handmade-cedar-humidor-50ct-2\/","title":{"rendered":"Humidificador de cedro hecho a mano, 50 unidades"},"content":{"rendered":"<p>Humidor de madera de cedro cubano con capacidad para 50 puros. Fabricado artesanalmente en Cuba, ofrece una excelente conservaci\u00f3n gracias a su sistema de humidificaci\u00f3n de alta calidad y su elegante dise\u00f1o.<\/p>","protected":false},"excerpt":{"rendered":"<p>Humidor de madera de cedro cubano con capacidad para 50 puros. Fabricado artesanalmente en Cuba, ofrece una excelente conservaci\u00f3n gracias a su sistema de humidificaci\u00f3n de alta calidad y su elegante dise\u00f1o.<\/p>","protected":false},"featured_media":627,"comment_status":"open","ping_status":"closed","template":"","meta":{"_et_pb_use_builder":"","_et_pb_old_content":"","_et_gb_content_width":""},"product_brand":[41],"product_cat":[19],"product_tag":[45,40],"class_list":{"0":"post-631","1":"product","2":"type-product","3":"status-publish","4":"has-post-thumbnail","6":"product_brand-duyos","7":"product_cat-humidors","8":"product_tag-cuban-cedar-wood-humidor-with-capacity-for-50-cigars-handcrafted-in-cuba","9":"product_tag-it-offers-excellent-conservation-thanks-to-its-high-quality-humidification-system-and-elegant-design","11":"first","12":"instock","13":"sale","14":"taxable","15":"shipping-taxable","16":"purchasable","17":"product-type-simple"},"yoast_head":"<!-- This site is optimized with the Yoast SEO plugin v24.7 - https:\/\/yoast.com\/wordpress\/plugins\/seo\/ -->\n<title>Handmade Cedar Humidor 50ct - Duyos Humidors<\/title>\n<meta name=\"robots\" content=\"index, follow, max-snippet:-1, max-image-preview:large, max-video-preview:-1\" \/>\n<link rel=\"canonical\" href=\"https:\/\/duyoshumidors.com\/es\/producto\/handmade-cedar-humidor-50ct-2\/\" \/>\n<meta property=\"og:locale\" content=\"es_ES\" \/>\n<meta property=\"og:type\" content=\"article\" \/>\n<meta property=\"og:title\" content=\"Handmade Cedar Humidor 50ct - Duyos Humidors\" \/>\n<meta property=\"og:description\" content=\"Cuban cedar wood humidor with capacity for 50 cigars. Handcrafted in Cuba, it offers excellent conservation thanks to its high-quality humidification system and elegant design.\" \/>\n<meta property=\"og:url\" content=\"https:\/\/duyoshumidors.com\/es\/producto\/handmade-cedar-humidor-50ct-2\/\" \/>\n<meta property=\"og:site_name\" content=\"Duyos Humidors\" \/>\n<meta property=\"article:publisher\" content=\"https:\/\/www.facebook.com\/duyoshumidores\/\" \/>\n<meta property=\"article:modified_time\" content=\"2025-02-09T23:52:32+00:00\" \/>\n<meta property=\"og:image\" content=\"https:\/\/duyoshumidors.com\/wp-content\/uploads\/2025\/02\/20250126_151624-scaled.jpg\" \/>\n\t<meta property=\"og:image:width\" content=\"1920\" \/>\n\t<meta property=\"og:image:height\" content=\"2560\" \/>\n\t<meta property=\"og:image:type\" content=\"image\/jpeg\" \/>\n<meta name=\"twitter:card\" content=\"summary_large_image\" \/>\n<script type=\"application\/ld+json\" class=\"yoast-schema-graph\">{\"@context\":\"https:\/\/schema.org\",\"@graph\":[{\"@type\":\"WebPage\",\"@id\":\"https:\/\/duyoshumidors.com\/product\/handmade-cedar-humidor-50ct-2\/\",\"url\":\"https:\/\/duyoshumidors.com\/product\/handmade-cedar-humidor-50ct-2\/\",\"name\":\"Handmade Cedar Humidor 50ct - Duyos Humidors\",\"isPartOf\":{\"@id\":\"https:\/\/duyoshumidors.com\/#website\"},\"primaryImageOfPage\":{\"@id\":\"https:\/\/duyoshumidors.com\/product\/handmade-cedar-humidor-50ct-2\/#primaryimage\"},\"image\":{\"@id\":\"https:\/\/duyoshumidors.com\/product\/handmade-cedar-humidor-50ct-2\/#primaryimage\"},\"thumbnailUrl\":\"https:\/\/duyoshumidors.com\/wp-content\/uploads\/2025\/02\/20250126_151624-scaled.jpg\",\"datePublished\":\"2025-02-09T23:42:26+00:00\",\"dateModified\":\"2025-02-09T23:52:32+00:00\",\"breadcrumb\":{\"@id\":\"https:\/\/duyoshumidors.com\/product\/handmade-cedar-humidor-50ct-2\/#breadcrumb\"},\"inLanguage\":\"es\",\"potentialAction\":[{\"@type\":\"ReadAction\",\"target\":[\"https:\/\/duyoshumidors.com\/product\/handmade-cedar-humidor-50ct-2\/\"]}]},{\"@type\":\"ImageObject\",\"inLanguage\":\"es\",\"@id\":\"https:\/\/duyoshumidors.com\/product\/handmade-cedar-humidor-50ct-2\/#primaryimage\",\"url\":\"https:\/\/duyoshumidors.com\/wp-content\/uploads\/2025\/02\/20250126_151624-scaled.jpg\",\"contentUrl\":\"https:\/\/duyoshumidors.com\/wp-content\/uploads\/2025\/02\/20250126_151624-scaled.jpg\",\"width\":1920,\"height\":2560},{\"@type\":\"BreadcrumbList\",\"@id\":\"https:\/\/duyoshumidors.com\/product\/handmade-cedar-humidor-50ct-2\/#breadcrumb\",\"itemListElement\":[{\"@type\":\"ListItem\",\"position\":1,\"name\":\"Home\",\"item\":\"https:\/\/duyoshumidors.com\/\"},{\"@type\":\"ListItem\",\"position\":2,\"name\":\"Shop\",\"item\":\"https:\/\/duyoshumidors.com\/shop\/\"},{\"@type\":\"ListItem\",\"position\":3,\"name\":\"Handmade Cedar Humidor 50ct\"}]},{\"@type\":\"WebSite\",\"@id\":\"https:\/\/duyoshumidors.com\/#website\",\"url\":\"https:\/\/duyoshumidors.com\/\",\"name\":\"Duyos Humidors\",\"description\":\"Humidors and Accessories for True Connoisseurs\",\"publisher\":{\"@id\":\"https:\/\/duyoshumidors.com\/#organization\"},\"potentialAction\":[{\"@type\":\"SearchAction\",\"target\":{\"@type\":\"EntryPoint\",\"urlTemplate\":\"https:\/\/duyoshumidors.com\/?s={search_term_string}\"},\"query-input\":{\"@type\":\"PropertyValueSpecification\",\"valueRequired\":true,\"valueName\":\"search_term_string\"}}],\"inLanguage\":\"es\"},{\"@type\":\"Organization\",\"@id\":\"https:\/\/duyoshumidors.com\/#organization\",\"name\":\"Duyos Humidors\",\"url\":\"https:\/\/duyoshumidors.com\/\",\"logo\":{\"@type\":\"ImageObject\",\"inLanguage\":\"es\",\"@id\":\"https:\/\/duyoshumidors.com\/#\/schema\/logo\/image\/\",\"url\":\"https:\/\/duyoshumidors.com\/wp-content\/uploads\/2024\/12\/Logo_Duyos.png\",\"contentUrl\":\"https:\/\/duyoshumidors.com\/wp-content\/uploads\/2024\/12\/Logo_Duyos.png\",\"width\":4566,\"height\":1464,\"caption\":\"Duyos Humidors\"},\"image\":{\"@id\":\"https:\/\/duyoshumidors.com\/#\/schema\/logo\/image\/\"},\"sameAs\":[\"https:\/\/www.facebook.com\/duyoshumidores\/\",\"https:\/\/www.instagram.com\/duyos_humidors\/\"]}]}<\/script>\n<!-- \/ Yoast SEO plugin. -->","yoast_head_json":{"title":"Handmade Cedar Humidor 50ct - Duyos Humidors","robots":{"index":"index","follow":"follow","max-snippet":"max-snippet:-1","max-image-preview":"max-image-preview:large","max-video-preview":"max-video-preview:-1"},"canonical":"https:\/\/duyoshumidors.com\/es\/producto\/handmade-cedar-humidor-50ct-2\/","og_locale":"es_ES","og_type":"article","og_title":"Handmade Cedar Humidor 50ct - Duyos Humidors","og_description":"Cuban cedar wood humidor with capacity for 50 cigars. Handcrafted in Cuba, it offers excellent conservation thanks to its high-quality humidification system and elegant design.","og_url":"https:\/\/duyoshumidors.com\/es\/producto\/handmade-cedar-humidor-50ct-2\/","og_site_name":"Duyos Humidors","article_publisher":"https:\/\/www.facebook.com\/duyoshumidores\/","article_modified_time":"2025-02-09T23:52:32+00:00","og_image":[{"width":1920,"height":2560,"url":"https:\/\/duyoshumidors.com\/wp-content\/uploads\/2025\/02\/20250126_151624-scaled.jpg","type":"image\/jpeg"}],"twitter_card":"summary_large_image","schema":{"@context":"https:\/\/schema.org","@graph":[{"@type":"WebPage","@id":"https:\/\/duyoshumidors.com\/product\/handmade-cedar-humidor-50ct-2\/","url":"https:\/\/duyoshumidors.com\/product\/handmade-cedar-humidor-50ct-2\/","name":"Handmade Cedar Humidor 50ct - Duyos Humidors","isPartOf":{"@id":"https:\/\/duyoshumidors.com\/#website"},"primaryImageOfPage":{"@id":"https:\/\/duyoshumidors.com\/product\/handmade-cedar-humidor-50ct-2\/#primaryimage"},"image":{"@id":"https:\/\/duyoshumidors.com\/product\/handmade-cedar-humidor-50ct-2\/#primaryimage"},"thumbnailUrl":"https:\/\/duyoshumidors.com\/wp-content\/uploads\/2025\/02\/20250126_151624-scaled.jpg","datePublished":"2025-02-09T23:42:26+00:00","dateModified":"2025-02-09T23:52:32+00:00","breadcrumb":{"@id":"https:\/\/duyoshumidors.com\/product\/handmade-cedar-humidor-50ct-2\/#breadcrumb"},"inLanguage":"es","potentialAction":[{"@type":"ReadAction","target":["https:\/\/duyoshumidors.com\/product\/handmade-cedar-humidor-50ct-2\/"]}]},{"@type":"ImageObject","inLanguage":"es","@id":"https:\/\/duyoshumidors.com\/product\/handmade-cedar-humidor-50ct-2\/#primaryimage","url":"https:\/\/duyoshumidors.com\/wp-content\/uploads\/2025\/02\/20250126_151624-scaled.jpg","contentUrl":"https:\/\/duyoshumidors.com\/wp-content\/uploads\/2025\/02\/20250126_151624-scaled.jpg","width":1920,"height":2560},{"@type":"BreadcrumbList","@id":"https:\/\/duyoshumidors.com\/product\/handmade-cedar-humidor-50ct-2\/#breadcrumb","itemListElement":[{"@type":"ListItem","position":1,"name":"Home","item":"https:\/\/duyoshumidors.com\/"},{"@type":"ListItem","position":2,"name":"Shop","item":"https:\/\/duyoshumidors.com\/shop\/"},{"@type":"ListItem","position":3,"name":"Handmade Cedar Humidor 50ct"}]},{"@type":"WebSite","@id":"https:\/\/duyoshumidors.com\/#website","url":"https:\/\/duyoshumidors.com\/","name":"Humidores Duyos","description":"Humidores y accesorios para verdaderos conocedores","publisher":{"@id":"https:\/\/duyoshumidors.com\/#organization"},"potentialAction":[{"@type":"SearchAction","target":{"@type":"EntryPoint","urlTemplate":"https:\/\/duyoshumidors.com\/?s={search_term_string}"},"query-input":{"@type":"PropertyValueSpecification","valueRequired":true,"valueName":"search_term_string"}}],"inLanguage":"es"},{"@type":"Organization","@id":"https:\/\/duyoshumidors.com\/#organization","name":"Humidores Duyos","url":"https:\/\/duyoshumidors.com\/","logo":{"@type":"ImageObject","inLanguage":"es","@id":"https:\/\/duyoshumidors.com\/#\/schema\/logo\/image\/","url":"https:\/\/duyoshumidors.com\/wp-content\/uploads\/2024\/12\/Logo_Duyos.png","contentUrl":"https:\/\/duyoshumidors.com\/wp-content\/uploads\/2024\/12\/Logo_Duyos.png","width":4566,"height":1464,"caption":"Duyos Humidors"},"image":{"@id":"https:\/\/duyoshumidors.com\/#\/schema\/logo\/image\/"},"sameAs":["https:\/\/www.facebook.com\/duyoshumidores\/","https:\/\/www.instagram.com\/duyos_humidors\/"]}]}},"_links":{"self":[{"href":"https:\/\/duyoshumidors.com\/es\/wp-json\/wp\/v2\/product\/631","targetHints":{"allow":["GET"]}}],"collection":[{"href":"https:\/\/duyoshumidors.com\/es\/wp-json\/wp\/v2\/product"}],"about":[{"href":"https:\/\/duyoshumidors.com\/es\/wp-json\/wp\/v2\/types\/product"}],"replies":[{"embeddable":true,"href":"https:\/\/duyoshumidors.com\/es\/wp-json\/wp\/v2\/comments?post=631"}],"wp:featuredmedia":[{"embeddable":true,"href":"https:\/\/duyoshumidors.com\/es\/wp-json\/wp\/v2\/media\/627"}],"wp:attachment":[{"href":"https:\/\/duyoshumidors.com\/es\/wp-json\/wp\/v2\/media?parent=631"}],"wp:term":[{"taxonomy":"product_brand","embeddable":true,"href":"https:\/\/duyoshumidors.com\/es\/wp-json\/wp\/v2\/product_brand?post=631"},{"taxonomy":"product_cat","embeddable":true,"href":"https:\/\/duyoshumidors.com\/es\/wp-json\/wp\/v2\/product_cat?post=631"},{"taxonomy":"product_tag","embeddable":true,"href":"https:\/\/duyoshumidors.com\/es\/wp-json\/wp\/v2\/product_tag?post=631"}],"curies":[{"name":"wp","href":"https:\/\/api.w.org\/{rel}","templated":true}]}}